{"id":5,"date":"2022-09-19T09:46:13","date_gmt":"2022-09-19T07:46:13","guid":{"rendered":"http:\/\/helios-abidjan.com\/index.php\/maintenance-page\/"},"modified":"2022-09-19T12:40:07","modified_gmt":"2022-09-19T10:40:07","slug":"maintenance-page","status":"publish","type":"page","link":"https:\/\/helios-abidjan.com\/","title":{"rendered":"Maintenance Page"},"content":{"rendered":"\n<div id=\"wp-block-themeisle-blocks-advanced-columns-0d617423\" class=\"wp-block-themeisle-blocks-advanced-columns alignfull has-1-columns has-desktop-equal-layout has-tablet-equal-layout has-mobile-equal-layout has-vertical-center\"><div class=\"wp-block-themeisle-blocks-advanced-columns-overlay\"><\/div><div class=\"innerblocks-wrap\">\n<div id=\"wp-block-themeisle-blocks-advanced-column-09847c7b\" class=\"wp-block-themeisle-blocks-advanced-column ticss-b0cc0f95\">\n<h1 id=\"wp-block-themeisle-blocks-advanced-heading-84bfa495\" class=\"wp-block-themeisle-blocks-advanced-heading wp-block-themeisle-blocks-advanced-heading-84bfa495\">Website est en maintenance<\/h1>\n\n\n\n<p id=\"wp-block-themeisle-blocks-advanced-heading-4956a7c6\" class=\"wp-block-themeisle-blocks-advanced-heading wp-block-themeisle-blocks-advanced-heading-4956a7c6\"><br>Nous effectuons des mises \u00e0 jour sur notre site et nous devons \u00eatre hors ligne pendant un certain temps. Nous serons de retour avec vous sous peu!<\/p>\n\n\n<div class=\"wp-block-image ticss-3f08ab9a\">\n<figure class=\"aligncenter size-full\"><img loading=\"lazy\" decoding=\"async\" width=\"210\" height=\"135\" src=\"http:\/\/helios-abidjan.com\/wp-content\/uploads\/2022\/09\/logo.png\" alt=\"\" class=\"wp-image-20\"\/><\/figure>\n<\/div>\n\n\n<ul class=\"wp-block-social-links has-large-icon-size has-icon-color is-style-logos-only is-content-justification-center is-layout-flex wp-container-core-social-links-is-layout-16018d1d wp-block-social-links-is-layout-flex\"><li style=\"color:#282525;\" class=\"wp-social-link wp-social-link-facebook  ticss-c7940d64 wp-block-social-link\"><a href=\"https:\/\/www.facebook.com\/Hotel.Restaurant.Residence.Helios.Abidjan\" class=\"wp-block-social-link-anchor\"><svg width=\"24\" height=\"24\" viewBox=\"0 0 24 24\" version=\"1.1\" xmlns=\"http:\/\/www.w3.org\/2000\/svg\" aria-hidden=\"true\" focusable=\"false\"><path d=\"M12 2C6.5 2 2 6.5 2 12c0 5 3.7 9.1 8.4 9.9v-7H7.9V12h2.5V9.8c0-2.5 1.5-3.9 3.8-3.9 1.1 0 2.2.2 2.2.2v2.5h-1.3c-1.2 0-1.6.8-1.6 1.6V12h2.8l-.4 2.9h-2.3v7C18.3 21.1 22 17 22 12c0-5.5-4.5-10-10-10z\"><\/path><\/svg><span class=\"wp-block-social-link-label screen-reader-text\">https:\/\/www.facebook.com\/Hotel.Restaurant.Residence.Helios.Abidjan<\/span><\/a><\/li><\/ul>\n<\/div>\n<\/div><\/div>\n\n\n\n<div id=\"wp-block-themeisle-blocks-advanced-columns-5d630746\" class=\"wp-block-themeisle-blocks-advanced-columns alignfull has-1-columns has-desktop-equal-layout has-tablet-equal-layout has-mobile-equal-layout has-vertical-center\"><div class=\"wp-block-themeisle-blocks-advanced-columns-overlay\"><\/div><div class=\"innerblocks-wrap\">\n<div id=\"wp-block-themeisle-blocks-advanced-column-e9363a5a\" class=\"wp-block-themeisle-blocks-advanced-column\">\n<div id=\"wp-block-themeisle-blocks-advanced-columns-cd4b7a17\" class=\"wp-block-themeisle-blocks-advanced-columns has-2-columns has-desktop-oneTwo-layout has-tablet-collapsedRows-layout has-mobile-collapsedRows-layout has-vertical-unset\"><div class=\"wp-block-themeisle-blocks-advanced-columns-overlay\"><\/div><div class=\"innerblocks-wrap\">\n<div id=\"wp-block-themeisle-blocks-advanced-column-915f5db4\" class=\"wp-block-themeisle-blocks-advanced-column\">\n<figure class=\"wp-block-image size-large\"><img decoding=\"async\" src=\"https:\/\/demosites.io\/otter\/wp-content\/uploads\/sites\/664\/2022\/08\/165-1.svg\" alt=\"\" class=\"wp-image-164\"\/><\/figure>\n<\/div>\n\n\n\n<div id=\"wp-block-themeisle-blocks-advanced-column-31d8f751\" class=\"wp-block-themeisle-blocks-advanced-column\">\n<h2 id=\"wp-block-themeisle-blocks-advanced-heading-948398ab\" class=\"wp-block-themeisle-blocks-advanced-heading wp-block-themeisle-blocks-advanced-heading-948398ab\">Vous ne pouvez pas attendre ?<\/h2>\n\n\n\n<p><br>Envoyez-nous un message et nous vous r\u00e9pondrons d\u00e8s que possible !<\/p>\n\n\n\n<div id=\"wp-block-themeisle-blocks-form-f9b364b5\" class=\"wp-block-themeisle-blocks-form\" data-option-name=\"5_f9b364b5\"><form class=\"otter-form__container\">\n<div id=\"wp-block-themeisle-blocks-form-input-dee32220\" class=\"wp-block-themeisle-blocks-form-input\"><label for=\"wp-block-themeisle-blocks-form-input-dee32220-input\" class=\"otter-form-input-label\"><span class=\"otter-form-input-label__label\">Nom<\/span><span class=\"required\">*<\/span><\/label><input type=\"text\" id=\"wp-block-themeisle-blocks-form-input-dee32220-input\" required placeholder=\"Your Name\" class=\"otter-form-input\"\/><\/div>\n\n\n\n<div id=\"wp-block-themeisle-blocks-form-input-ed39daf2\" class=\"wp-block-themeisle-blocks-form-input\"><label for=\"wp-block-themeisle-blocks-form-input-ed39daf2-input\" class=\"otter-form-input-label\"><span class=\"otter-form-input-label__label\">Email<\/span><span class=\"required\">*<\/span><\/label><input type=\"email\" id=\"wp-block-themeisle-blocks-form-input-ed39daf2-input\" required placeholder=\"Your email\" class=\"otter-form-input\"\/><\/div>\n\n\n<div class=\"protection\"><input type=\"hidden\" id=\"wp-block-themeisle-blocks-form-f9b364b5_nonce_field\" name=\"wp-block-themeisle-blocks-form-f9b364b5_nonce_field\" value=\"007e8e73ff\" \/><input type=\"hidden\" name=\"_wp_http_referer\" value=\"\/index.php\/wp-json\/wp\/v2\/pages\/5\" \/><\/div>\n\n\n<div id=\"wp-block-themeisle-blocks-form-textarea-16e85dea\" class=\"wp-block-themeisle-blocks-form-textarea ticss-0dd1861e\"><label for=\"wp-block-themeisle-blocks-form-textarea-16e85dea-input\" class=\"otter-form-textarea-label\"><span class=\"otter-form-textarea-label__label\">Votre message<\/span><\/label><textarea id=\"wp-block-themeisle-blocks-form-textarea-16e85dea-input\" placeholder=\"Add your message here\" rows=\"10\" class=\"otter-form-textarea-input\"><\/textarea><\/div>\n\n\n\n<p class=\"has-text-align-left has-neve-text-color-color has-text-color has-small-font-size\">Ce formulaire recueille votre nom et votre adresse e-mail afin que nous puissions vous recontacter. Consultez notre page Politique de confidentialit\u00e9 pour bien comprendre comment nous prot\u00e9geons et g\u00e9rons vos donn\u00e9es soumises. <\/p>\n<div class=\"wp-block-button\"><button class=\"wp-block-button__link\" type=\"submit\">Send message!<\/button><\/div><\/form><\/div>\n<\/div>\n<\/div><\/div>\n<\/div>\n<\/div><\/div>\n","protected":false},"excerpt":{"rendered":"","protected":false},"author":1,"featured_media":0,"parent":0,"menu_order":0,"comment_status":"closed","ping_status":"closed","template":"templates\/wpmm-page-template.php","meta":{"_themeisle_gutenberg_block_has_review":false,"footnotes":""},"class_list":["post-5","page","type-page","status-publish","hentry","entry"],"_links":{"self":[{"href":"https:\/\/helios-abidjan.com\/index.php\/wp-json\/wp\/v2\/pages\/5","targetHints":{"allow":["GET"]}}],"collection":[{"href":"https:\/\/helios-abidjan.com\/index.php\/wp-json\/wp\/v2\/pages"}],"about":[{"href":"https:\/\/helios-abidjan.com\/index.php\/wp-json\/wp\/v2\/types\/page"}],"author":[{"embeddable":true,"href":"https:\/\/helios-abidjan.com\/index.php\/wp-json\/wp\/v2\/users\/1"}],"replies":[{"embeddable":true,"href":"https:\/\/helios-abidjan.com\/index.php\/wp-json\/wp\/v2\/comments?post=5"}],"version-history":[{"count":14,"href":"https:\/\/helios-abidjan.com\/index.php\/wp-json\/wp\/v2\/pages\/5\/revisions"}],"predecessor-version":[{"id":25,"href":"https:\/\/helios-abidjan.com\/index.php\/wp-json\/wp\/v2\/pages\/5\/revisions\/25"}],"wp:attachment":[{"href":"https:\/\/helios-abidjan.com\/index.php\/wp-json\/wp\/v2\/media?parent=5"}],"curies":[{"name":"wp","href":"https:\/\/api.w.org\/{rel}","templated":true}]}}